{"id":8,"date":"2021-04-14T14:37:07","date_gmt":"2021-04-14T12:37:07","guid":{"rendered":"http:\/\/cheveux-au-vent.be\/?page_id=8"},"modified":"2025-05-11T17:06:19","modified_gmt":"2025-05-11T15:06:19","slug":"contact","status":"publish","type":"page","link":"https:\/\/cheveux-au-vent.be\/?page_id=8","title":{"rendered":"Contact"},"content":{"rendered":"<div data-colibri-id=\"8-c1\" class=\"style-226 style-local-8-c1 position-relative\">\n  <!---->\n  <div data-colibri-component=\"section\" data-colibri-id=\"8-c2\" id=\"initial-content\" class=\"h-section h-section-global-spacing d-flex align-items-lg-center align-items-md-center align-items-center style-227 style-local-8-c2 position-relative\">\n    <!---->\n    <!---->\n    <div class=\"h-section-grid-container h-section-boxed-container\">\n      <!---->\n      <div data-colibri-id=\"8-c3\" class=\"h-row-container gutters-row-lg-0 gutters-row-md-0 gutters-row-0 gutters-row-v-lg-0 gutters-row-v-md-0 gutters-row-v-0 style-262 style-local-8-c3 position-relative\">\n        <!---->\n        <div class=\"h-row justify-content-lg-center justify-content-md-center justify-content-center align-items-lg-stretch align-items-md-stretch align-items-stretch gutters-col-lg-0 gutters-col-md-0 gutters-col-0 gutters-col-v-lg-0 gutters-col-v-md-0 gutters-col-v-0\">\n          <!---->\n          <div class=\"h-column h-column-container d-flex h-col-lg-auto h-col-md-auto h-col-auto style-263-outer style-local-8-c4-outer\">\n            <div data-colibri-id=\"8-c4\" class=\"d-flex h-flex-basis h-column__inner h-px-lg-1 h-px-md-1 h-px-1 v-inner-lg-1 v-inner-md-1 v-inner-1 style-263 style-local-8-c4 position-relative\">\n              <!---->\n              <!---->\n              <div class=\"w-100 h-y-container h-column__content h-column__v-align flex-basis-100 align-self-lg-start align-self-md-start align-self-start\">\n                <!---->\n                <div data-colibri-id=\"8-c5\" class=\"h-x-container style-249 style-local-8-c5 position-relative h-element\">\n                  <!---->\n                  <div class=\"h-x-container-inner style-dynamic-8-c5-group style-249-spacing style-local-8-c5-spacing\"><span class=\"h-link__outer style-250-outer style-local-8-c6-outer d-inline-flex h-element\"><a h-use-smooth-scroll=\"true\" href=\"https:\/\/www.facebook.com\/cheveuxauventarlon\"  data-colibri-id=\"8-c6\" class=\"d-flex w-100 align-items-center h-link style-250 style-local-8-c6 position-relative\"><!----><span  class=\"h-svg-icon h-link__icon style-250-icon style-local-8-c6-icon\"><!--Icon by Font Awesome (https:\/\/fontawesome.com)-->\n    <svg version=\"1.1\" xmlns=\"http:\/\/www.w3.org\/2000\/svg\" xmlns:xlink=\"http:\/\/www.w3.org\/1999\/xlink\" id=\"facebook-square\" viewBox=\"0 0 1536 1896.0833\">\n      <path d=\"M1248 128q119 0 203.5 84.5T1536 416v960q0 119-84.5 203.5T1248 1664h-188v-595h199l30-232h-229V689q0-56 23.5-84t91.5-28l122-1V369q-63-9-178-9-136 0-217.5 80T820 666v171H620v232h200v595H288q-119 0-203.5-84.5T0 1376V416q0-119 84.5-203.5T288 128h960z\"><\/path>\n    <\/svg><\/span> <span>Suivez nos aventures sur Facebook !<\/span><\/a>\n                    <\/span>\n                  <\/div>\n                <\/div>\n              <\/div>\n            <\/div>\n          <\/div>\n        <\/div>\n      <\/div>\n      <div data-colibri-id=\"8-c7\" class=\"h-row-container gutters-row-lg-0 gutters-row-md-0 gutters-row-0 gutters-row-v-lg-0 gutters-row-v-md-0 gutters-row-v-0 style-253 style-local-8-c7 position-relative\">\n        <!---->\n        <div class=\"h-row justify-content-lg-center justify-content-md-center justify-content-center align-items-lg-stretch align-items-md-stretch align-items-stretch gutters-col-lg-0 gutters-col-md-0 gutters-col-0 gutters-col-v-lg-0 gutters-col-v-md-0 gutters-col-v-0\">\n          <!---->\n          <div class=\"h-column h-column-container d-flex h-col-lg-auto h-col-md-auto h-col-auto style-280-outer style-local-8-c8-outer\">\n            <div data-colibri-id=\"8-c8\" class=\"d-flex h-flex-basis h-column__inner h-px-lg-1 h-px-md-1 h-px-1 v-inner-lg-1 v-inner-md-1 v-inner-1 style-280 style-local-8-c8 position-relative\">\n              <!---->\n              <!---->\n              <div class=\"w-100 h-y-container h-column__content h-column__v-align flex-basis-100 align-self-lg-start align-self-md-start align-self-start\">\n                <!---->\n                <div data-colibri-id=\"8-c9\" class=\"h-x-container style-281 style-local-8-c9 position-relative h-element\">\n                  <!---->\n                  <div class=\"h-x-container-inner style-dynamic-8-c9-group style-281-spacing style-local-8-c9-spacing\"><span class=\"h-link__outer style-282-outer style-local-8-c10-outer d-inline-flex h-element\"><a h-use-smooth-scroll=\"true\" href=\"mailto:info@cheveux-au-vent.be\"  data-colibri-id=\"8-c10\" class=\"d-flex w-100 align-items-center h-link style-282 style-local-8-c10 position-relative\"><!----><!----> <span>info@cheveux-au-vent.be<\/span><\/a>\n                    <\/span>\n                  <\/div>\n                <\/div>\n              <\/div>\n            <\/div>\n          <\/div>\n        <\/div>\n      <\/div>\n      <div data-colibri-id=\"8-c11\" class=\"h-row-container gutters-row-lg-0 gutters-row-md-0 gutters-row-0 gutters-row-v-lg-0 gutters-row-v-md-0 gutters-row-v-0 style-317 style-local-8-c11 position-relative\">\n        <!---->\n        <div class=\"h-row justify-content-lg-center justify-content-md-center justify-content-center align-items-lg-stretch align-items-md-stretch align-items-stretch gutters-col-lg-0 gutters-col-md-0 gutters-col-0 gutters-col-v-lg-0 gutters-col-v-md-0 gutters-col-v-0\">\n          <!---->\n          <div class=\"h-column h-column-container d-flex h-col-lg-auto h-col-md-auto h-col-auto style-318-outer style-local-8-c12-outer\">\n            <div data-colibri-id=\"8-c12\" class=\"d-flex h-flex-basis h-column__inner h-px-lg-1 h-px-md-1 h-px-1 v-inner-lg-1 v-inner-md-1 v-inner-1 style-318 style-local-8-c12 position-relative\">\n              <!---->\n              <!---->\n              <div class=\"w-100 h-y-container h-column__content h-column__v-align flex-basis-100 align-self-lg-start align-self-md-start align-self-start\">\n                <!---->\n                <div data-colibri-id=\"8-c13\" class=\"h-text h-text-component style-320 style-local-8-c13 position-relative h-element\">\n                  <!---->\n                  <!---->\n                  <div class=\"\">\n                    <p>29, rue des martyrs 6700 Arlon<\/p>\n                    <p>+32.477.02.14.27<\/p>\n                  <\/div>\n                <\/div>\n              <\/div>\n            <\/div>\n          <\/div>\n        <\/div>\n      <\/div>\n      <div data-colibri-id=\"8-c14\" class=\"h-row-container gutters-row-lg-0 gutters-row-md-0 gutters-row-0 gutters-row-v-lg-0 gutters-row-v-md-0 gutters-row-v-0 style-322 style-local-8-c14 position-relative\">\n        <!---->\n        <div class=\"h-row justify-content-lg-center justify-content-md-center justify-content-center align-items-lg-stretch align-items-md-stretch align-items-stretch gutters-col-lg-0 gutters-col-md-0 gutters-col-0 gutters-col-v-lg-0 gutters-col-v-md-0 gutters-col-v-0\">\n          <!---->\n          <div class=\"h-column h-column-container d-flex h-col-lg-auto h-col-md-auto h-col-auto style-324-outer style-local-8-c15-outer\">\n            <div data-colibri-id=\"8-c15\" class=\"d-flex h-flex-basis h-column__inner h-px-lg-1 h-px-md-1 h-px-1 v-inner-lg-1 v-inner-md-1 v-inner-1 style-324 style-local-8-c15 position-relative\">\n              <!---->\n              <!---->\n              <div class=\"w-100 h-y-container h-column__content h-column__v-align flex-basis-100 align-self-lg-start align-self-md-start align-self-start\">\n                <!---->\n                <div data-colibri-id=\"8-c16\" class=\"h-text h-text-component style-321 style-local-8-c16 position-relative h-element\">\n                  <!---->\n                  <!---->\n                  <div class=\"\">\n                    <p>BCE 764.524.207<\/p>\n                    <p>Nous pouvons continuer \u00e0 exister gr\u00e2ce \u00e0 vos dons : BE07 0019 0498 9666, d\u00e9duction fiscale \u00e0 partir de 40\u20ac, mettez votre num\u00e9ro national dans la communication du virement&nbsp;&nbsp;<\/p>\n                  <\/div>\n                <\/div>\n              <\/div>\n            <\/div>\n          <\/div>\n        <\/div>\n      <\/div>\n    <\/div>\n  <\/div>\n  <div data-colibri-component=\"section\" data-colibri-id=\"8-c17\" id=\"custom\" class=\"h-section h-section-global-spacing d-flex align-items-lg-start align-items-md-start align-items-start style-299 style-local-8-c17 position-relative\">\n    <!---->\n    <!---->\n    <div class=\"h-section-grid-container h-section-boxed-container\">\n      <!---->\n      <div data-colibri-id=\"8-c18\" class=\"h-row-container gutters-row-lg-0 gutters-row-md-0 gutters-row-0 gutters-row-v-lg-0 gutters-row-v-md-0 gutters-row-v-0 style-300 style-local-8-c18 position-relative\">\n        <!---->\n        <div class=\"h-row justify-content-lg-center justify-content-md-center justify-content-center align-items-lg-stretch align-items-md-stretch align-items-stretch gutters-col-lg-0 gutters-col-md-0 gutters-col-0 gutters-col-v-lg-0 gutters-col-v-md-0 gutters-col-v-0\">\n          <!---->\n          <div class=\"h-column h-column-container d-flex h-col-lg-auto h-col-md-auto h-col-auto style-301-outer style-local-8-c19-outer\">\n            <div data-colibri-id=\"8-c19\" class=\"d-flex h-flex-basis h-column__inner h-px-lg-0 h-px-md-0 h-px-0 v-inner-lg-0 v-inner-md-0 v-inner-0 style-301 style-local-8-c19 position-relative\">\n              <!---->\n              <!---->\n              <div class=\"w-100 h-y-container h-column__content h-column__v-align flex-basis-100 align-self-lg-start align-self-md-start align-self-start\">\n                <!---->\n                <div data-colibri-id=\"8-c20\" class=\"d-block style-303 style-local-8-c20 position-relative h-element\">\n                  <!---->\n                  <div class=\"h-image__frame-container-outer\">\n                    <div class=\"h-image__frame-container\">\n                      <!---->\n                      <!---->\n                      <img loading=\"lazy\" decoding=\"async\" width=\"4500\" height=\"4500\" src=\"https:\/\/cheveux-au-vent.be\/wp-content\/uploads\/2021\/04\/Cheveux-au-vent-Logo-complet-Fond-transparent-.png\" class=\"wp-image-236 style-303-image style-local-8-c20-image\" alt=\"\" srcset=\"https:\/\/cheveux-au-vent.be\/wp-content\/uploads\/2021\/04\/Cheveux-au-vent-Logo-complet-Fond-transparent-.png 4500w, https:\/\/cheveux-au-vent.be\/wp-content\/uploads\/2021\/04\/Cheveux-au-vent-Logo-complet-Fond-transparent--300x300.png 300w, https:\/\/cheveux-au-vent.be\/wp-content\/uploads\/2021\/04\/Cheveux-au-vent-Logo-complet-Fond-transparent--1024x1024.png 1024w, https:\/\/cheveux-au-vent.be\/wp-content\/uploads\/2021\/04\/Cheveux-au-vent-Logo-complet-Fond-transparent--150x150.png 150w, https:\/\/cheveux-au-vent.be\/wp-content\/uploads\/2021\/04\/Cheveux-au-vent-Logo-complet-Fond-transparent--768x768.png 768w, https:\/\/cheveux-au-vent.be\/wp-content\/uploads\/2021\/04\/Cheveux-au-vent-Logo-complet-Fond-transparent--1536x1536.png 1536w, https:\/\/cheveux-au-vent.be\/wp-content\/uploads\/2021\/04\/Cheveux-au-vent-Logo-complet-Fond-transparent--2048x2048.png 2048w\" sizes=\"(max-width: 4500px) 100vw, 4500px\" \/>\n                      <div class=\"h-image__frame h-hide-lg h-hide-md h-hide-sm style-303-frameImage style-local-8-c20-frameImage\"><\/div>\n                    <\/div>\n                  <\/div>\n                <\/div>\n              <\/div>\n            <\/div>\n          <\/div>\n          <div class=\"h-column h-column-container d-flex h-col-lg-auto h-col-md-auto h-col-auto style-302-outer style-local-8-c21-outer\">\n            <div data-colibri-id=\"8-c21\" class=\"d-flex h-flex-basis h-column__inner h-px-lg-2 h-px-md-2 h-px-2 v-inner-lg-2 v-inner-md-2 v-inner-2 style-302 style-local-8-c21 position-relative\">\n              <!---->\n              <!---->\n              <div class=\"w-100 h-y-container h-column__content h-column__v-align flex-basis-100 align-self-lg-center align-self-md-center align-self-center\">\n                <!---->\n                <div data-colibri-id=\"8-c22\" class=\"h-text h-text-component style-304 style-local-8-c22 position-relative h-element\">\n                  <!---->\n                  <!---->\n                  <div class=\"\">\n                    <p>Merci \u00e0 Aur\u00e9lia Roemers pour le logo<\/p>\n                    <p>Merci \u00e0 Sylvain Bontemps pour les vid\u00e9os<\/p>\n                    <p>Merci \u00e0 Martin Bontemps pour le site<\/p>\n                  <\/div>\n                <\/div>\n              <\/div>\n            <\/div>\n          <\/div>\n        <\/div>\n      <\/div>\n    <\/div>\n  <\/div>\n<\/div>","protected":false},"excerpt":{"rendered":"<p>Suivez nos aventures sur Facebook ! info@cheveux-au-vent.be 29, rue des martyrs 6700 Arlon +32.477.02.14.27 BCE 764.524.207 Nous pouvons continuer \u00e0 exister gr\u00e2ce \u00e0 vos dons : BE07 0019 0498 9666, d\u00e9duction fiscale \u00e0 partir de 40\u20ac, mettez votre num\u00e9ro national dans la communication du virement&nbsp;&nbsp; Merci \u00e0 Aur\u00e9lia Roemers pour le logo Merci \u00e0 Sylvain [&hellip;]<\/p>\n","protected":false},"author":1,"featured_media":0,"parent":0,"menu_order":0,"comment_status":"closed","ping_status":"closed","template":"page-templates\/full-width-page.php","meta":{"footnotes":""},"yoast_head":"<!-- This site is optimized with the Yoast SEO plugin v16.2 - https:\/\/yoast.com\/wordpress\/plugins\/seo\/ -->\n<title>Contact - Cheveux au vent<\/title>\n<meta name=\"robots\" content=\"index, follow, max-snippet:-1, max-image-preview:large, max-video-preview:-1\" \/>\n<link rel=\"canonical\" href=\"https:\/\/cheveux-au-vent.be\/?page_id=8\" \/>\n<meta property=\"og:locale\" content=\"fr_FR\" \/>\n<meta property=\"og:type\" content=\"article\" \/>\n<meta property=\"og:title\" content=\"Contact - Cheveux au vent\" \/>\n<meta property=\"og:description\" content=\"Suivez nos aventures sur Facebook ! info@cheveux-au-vent.be 29, rue des martyrs 6700 Arlon +32.477.02.14.27 BCE 764.524.207 Nous pouvons continuer \u00e0 exister gr\u00e2ce \u00e0 vos dons : BE07 0019 0498 9666, d\u00e9duction fiscale \u00e0 partir de 40\u20ac, mettez votre num\u00e9ro national dans la communication du virement&nbsp;&nbsp; Merci \u00e0 Aur\u00e9lia Roemers pour le logo Merci \u00e0 Sylvain [&hellip;]\" \/>\n<meta property=\"og:url\" content=\"https:\/\/cheveux-au-vent.be\/?page_id=8\" \/>\n<meta property=\"og:site_name\" content=\"Cheveux au vent\" \/>\n<meta property=\"article:publisher\" content=\"https:\/\/www.facebook.com\/cheveuxauventarlon\" \/>\n<meta property=\"article:modified_time\" content=\"2025-05-11T15:06:19+00:00\" \/>\n<meta property=\"og:image\" content=\"https:\/\/cheveux-au-vent.be\/wp-content\/uploads\/2021\/04\/Cheveux-au-vent-Logo-complet-Fond-transparent-.png\" \/>\n<meta name=\"twitter:card\" content=\"summary_large_image\" \/>\n<script type=\"application\/ld+json\" class=\"yoast-schema-graph\">{\"@context\":\"https:\/\/schema.org\",\"@graph\":[{\"@type\":\"Organization\",\"@id\":\"https:\/\/cheveux-au-vent.be\/#organization\",\"name\":\"Cheveux au vent\",\"url\":\"https:\/\/cheveux-au-vent.be\/\",\"sameAs\":[\"https:\/\/www.facebook.com\/cheveuxauventarlon\"],\"logo\":{\"@type\":\"ImageObject\",\"@id\":\"https:\/\/cheveux-au-vent.be\/#logo\",\"inLanguage\":\"fr-FR\",\"url\":\"https:\/\/cheveux-au-vent.be\/wp-content\/uploads\/2021\/04\/Cheveux-au-vent-Logo-complet-Fond-transparent-.png\",\"contentUrl\":\"https:\/\/cheveux-au-vent.be\/wp-content\/uploads\/2021\/04\/Cheveux-au-vent-Logo-complet-Fond-transparent-.png\",\"width\":4500,\"height\":4500,\"caption\":\"Cheveux au vent\"},\"image\":{\"@id\":\"https:\/\/cheveux-au-vent.be\/#logo\"}},{\"@type\":\"WebSite\",\"@id\":\"https:\/\/cheveux-au-vent.be\/#website\",\"url\":\"https:\/\/cheveux-au-vent.be\/\",\"name\":\"Cheveux au vent\",\"description\":\"La joie par le v\\u00e9lo\",\"publisher\":{\"@id\":\"https:\/\/cheveux-au-vent.be\/#organization\"},\"potentialAction\":[{\"@type\":\"SearchAction\",\"target\":\"https:\/\/cheveux-au-vent.be\/?s={search_term_string}\",\"query-input\":\"required name=search_term_string\"}],\"inLanguage\":\"fr-FR\"},{\"@type\":\"ImageObject\",\"@id\":\"https:\/\/cheveux-au-vent.be\/?page_id=8#primaryimage\",\"inLanguage\":\"fr-FR\",\"url\":\"https:\/\/cheveux-au-vent.be\/wp-content\/uploads\/2021\/04\/Cheveux-au-vent-Logo-complet-Fond-transparent-.png\",\"contentUrl\":\"https:\/\/cheveux-au-vent.be\/wp-content\/uploads\/2021\/04\/Cheveux-au-vent-Logo-complet-Fond-transparent-.png\",\"width\":4500,\"height\":4500},{\"@type\":\"WebPage\",\"@id\":\"https:\/\/cheveux-au-vent.be\/?page_id=8#webpage\",\"url\":\"https:\/\/cheveux-au-vent.be\/?page_id=8\",\"name\":\"Contact - Cheveux au vent\",\"isPartOf\":{\"@id\":\"https:\/\/cheveux-au-vent.be\/#website\"},\"primaryImageOfPage\":{\"@id\":\"https:\/\/cheveux-au-vent.be\/?page_id=8#primaryimage\"},\"datePublished\":\"2021-04-14T12:37:07+00:00\",\"dateModified\":\"2025-05-11T15:06:19+00:00\",\"breadcrumb\":{\"@id\":\"https:\/\/cheveux-au-vent.be\/?page_id=8#breadcrumb\"},\"inLanguage\":\"fr-FR\",\"potentialAction\":[{\"@type\":\"ReadAction\",\"target\":[\"https:\/\/cheveux-au-vent.be\/?page_id=8\"]}]},{\"@type\":\"BreadcrumbList\",\"@id\":\"https:\/\/cheveux-au-vent.be\/?page_id=8#breadcrumb\",\"itemListElement\":[{\"@type\":\"ListItem\",\"position\":1,\"item\":{\"@type\":\"WebPage\",\"@id\":\"https:\/\/cheveux-au-vent.be\/\",\"url\":\"https:\/\/cheveux-au-vent.be\/\",\"name\":\"Accueil\"}},{\"@type\":\"ListItem\",\"position\":2,\"item\":{\"@id\":\"https:\/\/cheveux-au-vent.be\/?page_id=8#webpage\"}}]}]}<\/script>\n<!-- \/ Yoast SEO plugin. -->","_links":{"self":[{"href":"https:\/\/cheveux-au-vent.be\/index.php?rest_route=\/wp\/v2\/pages\/8"}],"collection":[{"href":"https:\/\/cheveux-au-vent.be\/index.php?rest_route=\/wp\/v2\/pages"}],"about":[{"href":"https:\/\/cheveux-au-vent.be\/index.php?rest_route=\/wp\/v2\/types\/page"}],"author":[{"embeddable":true,"href":"https:\/\/cheveux-au-vent.be\/index.php?rest_route=\/wp\/v2\/users\/1"}],"replies":[{"embeddable":true,"href":"https:\/\/cheveux-au-vent.be\/index.php?rest_route=%2Fwp%2Fv2%2Fcomments&post=8"}],"version-history":[{"count":16,"href":"https:\/\/cheveux-au-vent.be\/index.php?rest_route=\/wp\/v2\/pages\/8\/revisions"}],"predecessor-version":[{"id":1230,"href":"https:\/\/cheveux-au-vent.be\/index.php?rest_route=\/wp\/v2\/pages\/8\/revisions\/1230"}],"wp:attachment":[{"href":"https:\/\/cheveux-au-vent.be\/index.php?rest_route=%2Fwp%2Fv2%2Fmedia&parent=8"}],"curies":[{"name":"wp","href":"https:\/\/api.w.org\/{rel}","templated":true}]}}